{"id":356,"date":"2020-10-01T10:57:34","date_gmt":"2020-10-01T08:57:34","guid":{"rendered":"https:\/\/btaly.it\/?page_id=356"},"modified":"2021-03-15T08:20:22","modified_gmt":"2021-03-15T08:20:22","slug":"la-mission","status":"publish","type":"page","link":"https:\/\/btaly.it\/it\/la-mission\/","title":{"rendered":"La Mission"},"content":{"rendered":"\n  <div class=\"banner has-hover bg-overlay-remove-50\" id=\"banner-1139263509\">\n          <div class=\"banner-inner fill\">\n        <div class=\"banner-bg fill\" >\n            <img loading=\"lazy\" decoding=\"async\" width=\"1600\" height=\"1066\" src=\"https:\/\/btaly.it\/wp-content\/uploads\/2020\/10\/salame.jpg\" class=\"bg attachment-original size-original\" alt=\"\" \/>                        <div class=\"overlay\"><\/div>            \n                    <\/div>\n\t\t\n        <div class=\"banner-layers container\">\n            <div class=\"fill banner-link\"><\/div>            \n        <\/div>\n      <\/div>\n\n            \n<style>\n#banner-1139263509 {\n  padding-top: 500px;\n}\n#banner-1139263509 .overlay {\n  background-color: rgba(0, 0, 0, 0.49);\n}\n#banner-1139263509 .banner-bg img {\n  object-position: 88% 16%;\n}\n<\/style>\n  <\/div>\n\n\n<div class=\"container section-title-container\" ><h1 class=\"section-title section-title-normal\"><b aria-hidden=\"true\"><\/b><span class=\"section-title-main\" >La migliore selezione di prodotti enogastronomici italiani<\/span><b aria-hidden=\"true\"><\/b><\/h1><\/div>\n\n\t<section class=\"section\" id=\"section_1606544954\">\n\t\t<div class=\"section-bg fill\" >\n\t\t\t\t\t\t\t\t\t\n\t\t\t\n\n\t\t<\/div>\n\n\t\t\n\n\t\t<div class=\"section-content relative\">\n\t\t\t\n\t<div id=\"gap-1091794855\" class=\"gap-element clearfix\" style=\"display:block; height:auto;\">\n\t\t\n<style>\n#gap-1091794855 {\n  padding-top: 30px;\n}\n<\/style>\n\t<\/div>\n\t\n<div class=\"row\"  id=\"row-238566853\">\n\n\t<div id=\"col-1615274203\" class=\"col medium-3 small-12 large-3\"  >\n\t\t\t\t<div class=\"col-inner\"  >\n\t\t\t\n\t\t\t\n\n  <div class=\"banner has-hover\" id=\"banner-1450663295\">\n          <div class=\"banner-inner fill\">\n        <div class=\"banner-bg fill\" >\n            <img loading=\"lazy\" decoding=\"async\" width=\"800\" height=\"533\" src=\"https:\/\/btaly.it\/wp-content\/uploads\/2020\/10\/1477951797-bicchiere-di-vinogreta-mancini-68rpUC5Z.jpg\" class=\"bg attachment-large size-large\" alt=\"\" \/>                                    \n                    <\/div>\n\t\t\n        <div class=\"banner-layers container\">\n            <div class=\"fill banner-link\"><\/div>            \n        <\/div>\n      <\/div>\n\n            \n<style>\n#banner-1450663295 {\n  padding-top: 420px;\n}\n#banner-1450663295 .banner-bg img {\n  object-position: 28% 71%;\n}\n<\/style>\n  <\/div>\n\n\n\t\t<\/div>\n\t\t\t\t\t<\/div>\n\n\t\n\n\t<div id=\"col-1422022193\" class=\"col hide-for-small medium-3 small-12 large-3\"  >\n\t\t\t\t<div class=\"col-inner\"  >\n\t\t\t\n\t\t\t\n\t<div id=\"gap-2044750060\" class=\"gap-element clearfix\" style=\"display:block; height:auto;\">\n\t\t\n<style>\n#gap-2044750060 {\n  padding-top: 23px;\n}\n<\/style>\n\t<\/div>\n\t\n\n  <div class=\"banner has-hover\" id=\"banner-694112710\">\n          <div class=\"banner-inner fill\">\n        <div class=\"banner-bg fill\" >\n            <img loading=\"lazy\" decoding=\"async\" width=\"1020\" height=\"581\" src=\"https:\/\/btaly.it\/wp-content\/uploads\/2020\/10\/formaggi-3.jpg\" class=\"bg attachment-large size-large\" alt=\"\" \/>                        <div class=\"overlay\"><\/div>            \n                    <\/div>\n\t\t\n        <div class=\"banner-layers container\">\n            <div class=\"fill banner-link\"><\/div>            \n        <\/div>\n      <\/div>\n\n            \n<style>\n#banner-694112710 {\n  padding-top: 380px;\n}\n#banner-694112710 .overlay {\n  background-color: rgba(74, 37, 37, 0.18);\n}\n#banner-694112710 .banner-bg img {\n  object-position: 49% 48%;\n}\n<\/style>\n  <\/div>\n\n\n\t\t<\/div>\n\t\t\t\t\t<\/div>\n\n\t\n\n\t<div id=\"col-849345307\" class=\"col medium-6 small-12 large-6\"  >\n\t\t\t\t<div class=\"col-inner\"  >\n\t\t\t\n\t\t\t\n<p>Andrea e Mattia hanno un sogno: far scoprire agli amanti del buon cibo le <strong>piccole, grandi eccellenze di nicchia dell&#8217;agroalimetare italiano<\/strong>, dando a tutti coloro che creano e lavorano prodotti unici un&#8217;occasione in pi\u00f9 per farsi conoscere nel mondo.<\/p>\n<p>Tutto questo attraverso una grande piattaforma virtuale, dove chi cerca l&#8217;assoluta <strong>qualit\u00e0 dell&#8217;enogastronomia Made in Italy<\/strong> pu\u00f2 trovarla, rigorosamente certificata e a portata di clic.<\/p>\n<p>Btaly si propone di soddisfare i degustatori pi\u00f9 esigenti, gli esperti di sapori pi\u00f9 ricercati, i gourmet pi\u00f9 sofisticati in cerca di <strong>specialit\u00e0 selezionate del food italiano<\/strong>.<\/p>\n<p>I <strong>sapori autentici<\/strong> in vendita su Btaly sono pensati per i cultori della tradizione enogastronomica del Bel Paese e per chi \u00e8 alla continua ricerca di <strong>prodotti lavorati artigianalmente:<\/strong> solo su Btaly, gli estimatori del vero gusto dell&#8217;Italia possono trovare la genuina qualit\u00e0 di prodotti autentici che non scende a compromessi.<\/p>\n<p>Btaly \u00e8 dedicato a chi \u00e8 alla ricerca della <strong>semplicit\u00e0<\/strong> e della <strong>tradizione<\/strong> tipici delle nostre produzioni locali e a tutti gli esperti di cultura agroalimentare italiana.<\/p>\n<p>Btaly non vuole essere un semplice canale di vendita, ma la dimostrazione che <strong>&#8220;EssereItalia&#8221; pu\u00f2 fare la differenza<\/strong>.<\/p>\n\t\t<\/div>\n\t\t\t\t\n<style>\n#col-849345307 > .col-inner {\n  padding: 0px 10px 0px 20px;\n}\n<\/style>\n\t<\/div>\n\n\t\n<\/div>\n\t\t<\/div>\n\n\t\t\n<style>\n#section_1606544954 {\n  padding-top: 30px;\n  padding-bottom: 30px;\n}\n<\/style>\n\t<\/section>\n\t\n","protected":false},"excerpt":{"rendered":"","protected":false},"author":1,"featured_media":0,"parent":0,"menu_order":0,"comment_status":"closed","ping_status":"closed","template":"page-blank.php","meta":{"footnotes":""},"class_list":["post-356","page","type-page","status-publish","hentry"],"_links":{"self":[{"href":"https:\/\/btaly.it\/it\/wp-json\/wp\/v2\/pages\/356","targetHints":{"allow":["GET"]}}],"collection":[{"href":"https:\/\/btaly.it\/it\/wp-json\/wp\/v2\/pages"}],"about":[{"href":"https:\/\/btaly.it\/it\/wp-json\/wp\/v2\/types\/page"}],"author":[{"embeddable":true,"href":"https:\/\/btaly.it\/it\/wp-json\/wp\/v2\/users\/1"}],"replies":[{"embeddable":true,"href":"https:\/\/btaly.it\/it\/wp-json\/wp\/v2\/comments?post=356"}],"version-history":[{"count":0,"href":"https:\/\/btaly.it\/it\/wp-json\/wp\/v2\/pages\/356\/revisions"}],"wp:attachment":[{"href":"https:\/\/btaly.it\/it\/wp-json\/wp\/v2\/media?parent=356"}],"curies":[{"name":"wp","href":"https:\/\/api.w.org\/{rel}","templated":true}]}}