{"id":617,"date":"2020-11-25T19:16:07","date_gmt":"2020-11-25T17:16:07","guid":{"rendered":"https:\/\/btaly.it\/?page_id=617"},"modified":"2021-03-15T08:31:53","modified_gmt":"2021-03-15T08:31:53","slug":"termini-e-condizioni-duso","status":"publish","type":"page","link":"https:\/\/btaly.it\/it\/termini-e-condizioni-duso\/","title":{"rendered":"Termini e condizioni d&#8217;uso"},"content":{"rendered":"\n\t<section class=\"section\" id=\"section_847451225\">\n\t\t<div class=\"section-bg fill\" >\n\t\t\t\t\t\t\t\t\t\n\t\t\t\n\n\t\t<\/div>\n\n\t\t\n\n\t\t<div class=\"section-content relative\">\n\t\t\t\n<div class=\"container section-title-container\" ><h3 class=\"section-title section-title-bold\"><b aria-hidden=\"true\"><\/b><span class=\"section-title-main\" ><strong>Termini e condizioni d'uso<\/strong><\/span><b aria-hidden=\"true\"><\/b><\/h3><\/div>\n<p>Di seguito trovi una sintesi delle condizioni di acquisto su Btaly \u2013 restart together \u2013 S.r.l.s.<br \/>\nSe hai bisogno di maggiori informazioni, puoi contattarci con le seguenti modalit\u00e0:<\/p>\n<ul>\n<li>puoi telefonare al n\u00b0<a href=\"tel:+393275595371\">+39 3275595371<\/a>, dal Luned\u00ec al Venerd\u00ec, dalle ore 08,30 alle ore 18,30<\/li>\n<li>puoi scrivere una e-mail all&#8217;indirizzo <a href=\"mailto:info@btaly.it\">info@btaly.it<\/a><\/li>\n<\/ul>\n<p><strong>Introduzione<br \/>\n<\/strong>La ditta Btaly \u2013 restart together \u2013 S.r.l.s. , con sede in Carcare (SV) &#8211; partita IVA: 01815450091 &#8211; \u00e8 titolare e fornisce l&#8217;accesso al sito www.btaly.it, vendendo i propri prodotti alle seguenti Condizioni Generali di Uso e di Vendita, in riferimento al D. Lgs. n\u00b0 206\/05 del Codice del Consumo.<\/p>\n<p><strong><br \/>\nInformazione sui prodotti<br \/>\n<\/strong>Btaly \u2013 restart together \u2013 S.r.l.s. , per rendere pi\u00f9 chiaro e trasparente l&#8217;acquisto dei propri prodotti, pone particolare attenzione alla pubblicazione delle informazioni relative agli articoli in vendita con l&#8217;ausilio di &#8220;schede prodotto&#8221; contenenti informazioni dettagliate relative alle caratteristiche di ciascun articolo (prezzo, misure, materiali, varianti, pesi, quantit\u00e0, etc&#8230;) e correlate da immagini illustrative esaustive.<\/p>\n<p><strong><br \/>\nDisponibilit\u00e0 dei prodotti<br \/>\n<\/strong>Il cliente pu\u00f2 acquistare tutti i prodotti attualmente presenti nel catalogo elettronico di Btaly \u2013 restart together \u2013 S.r.l.s. , visibile online all&#8217;indirizzo (URL) www.btaly.it.<\/p>\n<p>Per ogni prodotto presente sul sito \u00e8 riportata la disponibilit\u00e0 nella relativa scheda con le seguenti diciture:<\/p>\n<ul>\n<li>Il prodotto \u00e8 disponibile a magazzino<\/li>\n<li>Il prodotto \u00e8 disponibile su ordinazione e sar\u00e0 spedito in &#8220;tot&#8221; giorni lavorativi.<\/li>\n<\/ul>\n<p><strong><br \/>\nProdotto esaurito<br \/>\n<\/strong>Se la richiesta formulata tramite un ordine online non pu\u00f2 essere evasa immediatamente, al cliente verr\u00e0 comunicato il problema (via e-mail o telefonicamente) entro n\u00b0 ore lavorative 12 dal ricevimento dell&#8217;ordine.<\/p>\n<p><strong><br \/>\nPrezzi<br \/>\n<\/strong>I prezzi di vendita indicati su questo sito e-commerce sono espressi in euro (\u20ac) e comprensivi di IVA, ma non includono le spese di consegna. Le spese di consegna si intendono a carico del cliente, salvo promozioni e\/o codici promozionali, e sono indicate alla fine dell&#8217;ordine come supplemento prezzo ai prodotti selezionati. Il prezzo di listino \u00e8 in euro (\u20ac).<\/p>\n<p>Btaly \u2013 restart together \u2013 S.r.l.s. , si riserva il diritto di modificare i prezzi in ogni momento, ad esclusione degli articoli gi\u00e0 in fase di pagamento e\/o consegna.<\/p>\n<p>In caso di visualizzazione di un prezzo sbagliato e\/o manifestamente irrisorio per qualsivoglia ragione (bug informatico, errore manuale, errore tecnico, etc\u2026), Btaly \u2013 restart together \u2013 S.r.l.s. , \u00a0si riserva il diritto di annullare l&#8217;ordine anche in caso di convalida iniziale.<\/p>\n<p><strong><br \/>\nEseguire un ordine<br \/>\n<\/strong>Per eseguire un ordine sul sito www.btaly.it non \u00e8 prevista alcuna registrazione. Tuttavia, in fase di completamento del pagamento, sar\u00e0 richiesta la specificazione delle informazioni di base necessarie al fine d&#8217;identificare il committente dell&#8217;operazione e l&#8217;indirizzo di consegna dei prodotti acquistati.<\/p>\n<p>Perch\u00e9 l&#8217;operazione di acquisto vada a buon fine, occorre agire come segue:<\/p>\n<ul>\n<li>aggiunta al carrello del prodotto o dei prodotti che l&#8217;utente desidera acquistare;<\/li>\n<li>inserimento delle informazioni di fatturazione e consegna;<\/li>\n<li>scelta della modalit\u00e0 di spedizione desiderata;<\/li>\n<li>scelta della modalit\u00e0 di pagamento desiderata.<\/li>\n<\/ul>\n<p>Una volta selezionata la modalit\u00e0 di pagamento, il cliente dovr\u00e0 procedere al saldo dell&#8217;ordine con le modalit\u00e0 previste. Con l&#8217;invio dell&#8217;ordine da parte del cliente, si formalizza il contratto di vendita. In ogni caso, \u00e8 possibile effettuare l&#8217;annullamento dell&#8217;ordine nei tempi nelle modalit\u00e0 prescritte.<\/p>\n<p>Il cliente \u00e8 consapevole che la dichiarazione mendace e la falsit\u00e0 in atti, a seguito della specifica d&#8217;informazioni false, costituiscono reato ai sensi dell&#8217;art. 76 del D.P.R. 28.12.2000 n\u00b0 445 e comportano l&#8217;applicazione delle sanzioni penali annesse a termini di legge.<\/p>\n<p><strong><br \/>\nSpedizione della merce<br \/>\n<\/strong>I prodotti acquistati sul sito www.btaly.it, se disponibili a magazzino, sono spediti 24 ore successive all&#8217;ordine. Qualora, invece, parte della merce ordinata non fosse subito disponibile, entro 12 ore verr\u00e0 inviata una comunicazione scritta o telefonica al cliente stesso (secondo le informazioni riportate da quest&#8217;ultimo).<\/p>\n<p>La merce pu\u00f2 essere spedita in Italia e nel resto del mondo con costi, modalit\u00e0 e tempi di consegna variabili in relazione alla tipologia di spedizione ed al luogo di destinazione (per maggiori informazioni, consultare la pagina <u>SPEDIZIONI<\/u>).<\/p>\n<p><strong><br \/>\nAnnullamento dell&#8217;ordine e Diritto di Recesso<br \/>\n<\/strong>Il cliente pu\u00f2 annullare l&#8217;ordine nel momento successivo alla conferma di acquisto o comunque entro le 2 ore dalla conferma di esso, telefonando al +39 3275595371 oppure inviando un messaggio di posta elettronica all&#8217;indirizzo e-mail info@btaly.it<\/p>\n<p>Se il cliente ha gi\u00e0 saldato l&#8217;ordine, Btaly \u2013 restart together \u2013 S.r.l.s. rimborser\u00e0 l&#8217;intero importo entro 7 giorni lavorativi dalla data di annullamento.<\/p>\n<p>In ogni caso, per ragioni logistiche ed economiche, vi preghiamo di comunicare l&#8217;annullamento dell&#8217;ordine nelle 2 ore di tempo successive alla conferma d&#8217;acquisto, evitando cos\u00ec la spedizione della merce.<\/p>\n<p>L&#8217;acquirente, se insoddisfatto del prodotto, per ottenere il rimborso deve spedire la merce contestata o rifiutata in confezione integra. Il rimborso (fornito tramite accredito voucher da spendere sulla nostra piattaforma online) verr\u00e0 eseguito entro 7 giorni lavorativi dalla richiesta.<\/p>\n<p><strong><br \/>\nHai delle domande?<br \/>\n<\/strong>Se hai bisogno di chiarimenti ed informazioni, puoi telefonare al numero <a href=\"tel:+393275595371\">+39 3275595371<\/a>, dal Luned\u00ec al Venerd\u00ec dalle ore 08,30 alle ore 18,30 oppure scrivere una e-mail all&#8217;indirizzo <a href=\"mailto:info@btaly.it\">info@btaly.it<\/a><\/p>\n\t\t<\/div>\n\n\t\t\n<style>\n#section_847451225 {\n  padding-top: 30px;\n  padding-bottom: 30px;\n}\n<\/style>\n\t<\/section>\n\t\n","protected":false},"excerpt":{"rendered":"","protected":false},"author":1,"featured_media":0,"parent":0,"menu_order":0,"comment_status":"closed","ping_status":"closed","template":"","meta":{"footnotes":""},"class_list":["post-617","page","type-page","status-publish","hentry"],"_links":{"self":[{"href":"https:\/\/btaly.it\/it\/wp-json\/wp\/v2\/pages\/617","targetHints":{"allow":["GET"]}}],"collection":[{"href":"https:\/\/btaly.it\/it\/wp-json\/wp\/v2\/pages"}],"about":[{"href":"https:\/\/btaly.it\/it\/wp-json\/wp\/v2\/types\/page"}],"author":[{"embeddable":true,"href":"https:\/\/btaly.it\/it\/wp-json\/wp\/v2\/users\/1"}],"replies":[{"embeddable":true,"href":"https:\/\/btaly.it\/it\/wp-json\/wp\/v2\/comments?post=617"}],"version-history":[{"count":0,"href":"https:\/\/btaly.it\/it\/wp-json\/wp\/v2\/pages\/617\/revisions"}],"wp:attachment":[{"href":"https:\/\/btaly.it\/it\/wp-json\/wp\/v2\/media?parent=617"}],"curies":[{"name":"wp","href":"https:\/\/api.w.org\/{rel}","templated":true}]}}