{"id":2523,"date":"2022-04-19T16:41:25","date_gmt":"2022-04-19T15:41:25","guid":{"rendered":"https:\/\/btaly.it\/?post_type=product&#038;p=2523"},"modified":"2026-04-13T11:27:21","modified_gmt":"2026-04-13T10:27:21","slug":"lorighittas","status":"publish","type":"product","link":"https:\/\/btaly.it\/it\/lorighittas\/","title":{"rendered":"LORIGHITTAS"},"content":{"rendered":"<p style=\"font-weight: 400\">Le prime fonti scritte che parlano di questo prodotto tipico della Sardegna risalgono al sedicesimo secolo. In un documento riguardante le attivit\u00e0 economiche della regione stilato per informare il Re di Spagna sulla situazione dell\u2019isola veniva menzionato un particolare tipo di pasta secca intrecciata a forma di anello.<\/p>\n<p style=\"font-weight: 400\">Questo primo piatto per anni \u00e8 stato legato alla festa che si celebra il primo di novembre (Ognissanti), era abitudine per le donne del paese di radunarsi tutte insieme nelle cucine, sia il giorno stesso della festa che i giorni precedenti per trascorrere del tempo tutte insieme e per cucinare questo particolare tipo di pasta secca. Veniva fatto impastando farina di semola e acqua e poi intrecciate su dei tavoli di legno, ed ancora oggi segue la ricetta originale. Dopo, la preparazione le <em><strong>lorighittas<\/strong><\/em> venivano riposte al sole in dei cestini di vimini in modo molto ordinato per farle asciugare. Mentre aspettavano che la pasta si asciugasse, le donne si dedicavano alla preparazione dei condimenti per arricchire e rendere pi\u00f9 gustoso questo prodotto; i principali condimenti che venivano utilizzati erano il sugo di pomodoro oppure un rag\u00f9 di carne di galletto ruspante oppure con carne di maiale o cinghiale soprattutto nelle famiglie pi\u00f9 ricche.<\/p>\n<p style=\"font-weight: 400\">La preparazione come accennato precedentemente, \u00e8 fatto esclusivamente a mano e richiede molto tempo. Per esempio, solo per realizzare l\u2019impasto servono pi\u00f9 di 40 minuti per aggiungere gradualmente l\u2019acqua salata all\u2019impasto e rendere la pasta pi\u00f9 morbida. La tradizione vuole che siano le giovani donne ad occuparsi di questa preparazione e a tramandarla alle generazioni successive principalmente per la cultura pastorale sarda che era molto seguita principalmente nei paesi pi\u00f9 piccoli secondo la quale gli uomini dovevano stare nei campi e le donne dovevano occuparsi delle faccende domestiche.<\/p>\n<p style=\"font-weight: 400\">Per quanto riguarda, il nome (lorighittas) ci sono varie storie che si sono tramandate nei secoli. La pi\u00f9 famosa afferma che si chiama cos\u00ec perch\u00e9 la sua forma ricorda un pochino le escrescenze presenti sul collo delle capre ma anche dei maiali.<\/p>\n<p style=\"font-weight: 400\">Dal 2006, inoltre, il consiglio comunale grazie a un programma finanziato dalla Ue, ha lanciato un progetto, Asso Lori, che si occupa della valorizzazione, del rilancio e della tutela di questa pasta unica al mondo, supportando cos\u00ec i produttori locali. Sebbene la pasta sia ancora poco nota al di fuori della Sardegna,\u00a0la richiesta da parte dei consumatori aumenta sempre di pi\u00f9.\u00a0Oggi le <em><strong>lorighittas<\/strong><\/em> sono un piatto forte di molti ristoranti sardi\u00a0e tanti sono gli chef che propongono ricette originali con prodotti di terra e di mare. Inoltre, la citt\u00e0 di Morgongiori continua a dedicare la prima domenica di agosto alle lorighittas in un festival cittadino chiamato Sagra delle lorighittas, cos\u00ec da mettere in mostra il suo prezioso patrimonio culinario.<\/p>\n","protected":false},"excerpt":{"rendered":"<p>Le <em><strong>lorighittas<\/strong><\/em> sono un particolare tipo di pasta secca sarda del paesino di Morgongiori, vengono preparate e intrecciate artigianalmente dalle donne del paese.<\/p>\n","protected":false},"featured_media":2851,"template":"","meta":[],"product_brand":[],"product_cat":[805],"product_tag":[1657,1656,1652,1658,1659,1654,1655,1653,1620],"class_list":{"0":"post-2523","1":"product","2":"type-product","3":"status-publish","4":"has-post-thumbnail","6":"product_cat-pasta-secca","7":"product_tag-artigianale","8":"product_tag-galletto-ruspante","9":"product_tag-lorighittas","10":"product_tag-morgongiori","11":"product_tag-oristano","12":"product_tag-pasta","13":"product_tag-pomodoro","14":"product_tag-sardegna","15":"product_tag-tradizionale","17":"first","18":"outofstock","19":"taxable","20":"shipping-taxable","21":"purchasable","22":"product-type-simple"},"_links":{"self":[{"href":"https:\/\/btaly.it\/it\/wp-json\/wp\/v2\/product\/2523","targetHints":{"allow":["GET"]}}],"collection":[{"href":"https:\/\/btaly.it\/it\/wp-json\/wp\/v2\/product"}],"about":[{"href":"https:\/\/btaly.it\/it\/wp-json\/wp\/v2\/types\/product"}],"wp:featuredmedia":[{"embeddable":true,"href":"https:\/\/btaly.it\/it\/wp-json\/wp\/v2\/media\/2851"}],"wp:attachment":[{"href":"https:\/\/btaly.it\/it\/wp-json\/wp\/v2\/media?parent=2523"}],"wp:term":[{"taxonomy":"product_brand","embeddable":true,"href":"https:\/\/btaly.it\/it\/wp-json\/wp\/v2\/product_brand?post=2523"},{"taxonomy":"product_cat","embeddable":true,"href":"https:\/\/btaly.it\/it\/wp-json\/wp\/v2\/product_cat?post=2523"},{"taxonomy":"product_tag","embeddable":true,"href":"https:\/\/btaly.it\/it\/wp-json\/wp\/v2\/product_tag?post=2523"}],"curies":[{"name":"wp","href":"https:\/\/api.w.org\/{rel}","templated":true}]}}