{"id":2799,"date":"2022-08-24T15:43:42","date_gmt":"2022-08-24T14:43:42","guid":{"rendered":"https:\/\/btaly.it\/?post_type=product&#038;p=2799"},"modified":"2026-04-09T11:35:57","modified_gmt":"2026-04-09T10:35:57","slug":"riso-baldo","status":"publish","type":"product","link":"https:\/\/btaly.it\/it\/riso-baldo\/","title":{"rendered":"RISO BALDO"},"content":{"rendered":"<p><em><strong>Il riso baldo<\/strong><\/em> ha un chicco bianco, traslucido e consistente. NE&#8217; un riso di tipo japonica che nasce dall&#8217;unione del riso arborio con lo stirpe 136.<\/p>\n<p style=\"font-weight: 400\">La storia del <em><strong>riso<\/strong><\/em> \u00e8 antica quanto quella del mondo. Su questo cereale esistono varie tradizioni non solo riguardanti l&#8217;aspetto alimentare, ma anche gli aspetti religiosi, filosofici.<\/p>\n<p style=\"font-weight: 400\">A dire il vero, la parola riso, ad esempio, deriva delle lingue orientali con diverse conseguenze fonetiche.<\/p>\n<p style=\"font-weight: 400\">Sembra certo che circa due dozzine di specie siano state distinte dalle specie originarie di quest&#8217;erba. Oggi solo due di loro hanno una certa rilevanza ai fini alimentari: Oryza sativa, originaria dell&#8217;Asia, e Oryza, originaria dell&#8217;Africa.<\/p>\n<p style=\"font-weight: 400\">La prima testimonianza della coltivazione del riso in Italia risale al 1468 a Firenze. Sotto i Medici un signore di nome Leonardo Colto dei Colti fece domanda per la coltivazione del riso, con un tono che suggeriva che la coltivazione del grano fosse gi\u00e0 nota. Tuttavia, gli storici tendono a privilegiare le origini &#8220;milanesi&#8221;. Alla fine del 1400 la coltura del riso si diffuse nell&#8217;Italia settentrionale, in Lombardia e in Piemonte per la precisione, in quella che oggi \u00e8 il Vercellese, dove sorsero le prime risaie.<\/p>\n<p style=\"font-weight: 400\">Furono coltivati \u200b\u200bda Ludovico il Moro e dal fratello Galeazzo Sforza, che vollero approfittare delle frequenti esondazioni del fiume Po per coltivare il raccolto. Nella Bassa milanese attuarono un importante programma di bonifica delle paludi e avviarono una politica agricola per questo cereale; da quel momento non fu pi\u00f9 considerato una spezia esotica, ma una parte importante del progetto di produzione agroalimentare nazionale.<\/p>\n<p style=\"font-weight: 400\">Nel XVI secolo il riso, insieme al mais importato pi\u00f9 recentemente dalle Americhe, \u00e8 entrato nella nuova categoria di alimenti utilizzati per alleviare la fame tra i contadini. \u00c8 a causa di questa immagine povera del cibo che il riso non ricevette un&#8217;attenzione particolare nei ricettari della corte del XVI secolo.<\/p>\n<p style=\"font-weight: 400\">Durante il XVII secolo, la coltivazione del riso sub\u00ec un degrado, principalmente a causa di controversie igienico-sanitarie.<\/p>\n<p style=\"font-weight: 400\">I medici accusarono il grano di trasportare la malaria (i veri colpevoli erano le zanzare infestate dalle paludi), cos\u00ec i contadini furono costretti a mantenere le loro risaie a sei miglia dal centro abitato e se non avessero rispettato questa norma sarebbero stati puniti e incarcerati. Il riso torn\u00f2 ad essere popolare nel XVIII secolo, conquistando per la prima volta nuove aree di coltivazione in risposta a gravi difficolt\u00e0 alimentari generalizzate.<\/p>\n<p style=\"font-weight: 400\">Nell&#8217;Ottocento il governo piemontese e il conte di Cavour promossero la ricerca per la realizzazione di una rete di canali nel vercellese, tanto che negli ultimi decenni del secolo fu aperta una rete di canali intitolata al conte di Cavour.<\/p>\n<p style=\"font-weight: 400\">\n","protected":false},"excerpt":{"rendered":"<p><em><strong>Il riso baldo<\/strong><\/em> ha un chicco bianco, traslucido e consistente. NE&#8217; un riso di tipo japonica che nasce dall&#8217;unione del riso arborio con lo stirpe 136.<\/p>\n","protected":false},"featured_media":2845,"template":"","meta":[],"product_brand":[],"product_cat":[68],"product_tag":[1859,1860,1861,1857,1858],"class_list":{"0":"post-2799","1":"product","2":"type-product","3":"status-publish","4":"has-post-thumbnail","6":"product_cat-cereali-legumi","7":"product_tag-galliate","8":"product_tag-novara","9":"product_tag-piemonte","10":"product_tag-riso","11":"product_tag-riso-baldo","13":"first","14":"instock","15":"taxable","16":"shipping-taxable","17":"purchasable","18":"product-type-simple"},"_links":{"self":[{"href":"https:\/\/btaly.it\/it\/wp-json\/wp\/v2\/product\/2799","targetHints":{"allow":["GET"]}}],"collection":[{"href":"https:\/\/btaly.it\/it\/wp-json\/wp\/v2\/product"}],"about":[{"href":"https:\/\/btaly.it\/it\/wp-json\/wp\/v2\/types\/product"}],"wp:featuredmedia":[{"embeddable":true,"href":"https:\/\/btaly.it\/it\/wp-json\/wp\/v2\/media\/2845"}],"wp:attachment":[{"href":"https:\/\/btaly.it\/it\/wp-json\/wp\/v2\/media?parent=2799"}],"wp:term":[{"taxonomy":"product_brand","embeddable":true,"href":"https:\/\/btaly.it\/it\/wp-json\/wp\/v2\/product_brand?post=2799"},{"taxonomy":"product_cat","embeddable":true,"href":"https:\/\/btaly.it\/it\/wp-json\/wp\/v2\/product_cat?post=2799"},{"taxonomy":"product_tag","embeddable":true,"href":"https:\/\/btaly.it\/it\/wp-json\/wp\/v2\/product_tag?post=2799"}],"curies":[{"name":"wp","href":"https:\/\/api.w.org\/{rel}","templated":true}]}}