{"id":3188,"date":"2025-03-26T12:19:24","date_gmt":"2025-03-26T11:19:24","guid":{"rendered":"https:\/\/btaly.it\/?post_type=product&#038;p=3188"},"modified":"2026-04-13T09:27:13","modified_gmt":"2026-04-13T08:27:13","slug":"marmellata-di-chinotti-di-savona","status":"publish","type":"product","link":"https:\/\/btaly.it\/it\/marmellata-di-chinotti-di-savona\/","title":{"rendered":"MARMELLATA DI CHINOTTI DI SAVONA"},"content":{"rendered":"<p><span style=\"font-weight: 400\">La <strong>Marmellata di Chinotti di Savona<\/strong> \u00e8 un&#8217;autentica specialit\u00e0 ligure, frutto della tradizione e dell&#8217;artigianalit\u00e0 che contraddistinguono il nostro territorio. Preparata con chinotti selezionati dalla pregiata variet\u00e0 coltivata nella zona di Savona, questa marmellata offre un equilibrio perfetto tra la dolcezza naturale degli agrumi e la tipica nota amarognola che caratterizza il chinotto.<\/span><\/p>\n<p><span style=\"font-weight: 400\">I chinotti, frutti piccoli ma ricchi di sapore, vengono raccolti a mano in piena maturazione per preservare tutte le loro qualit\u00e0 aromatiche. La lavorazione avviene con metodi artigianali, rispettando la ricetta tradizionale che prevede una lenta cottura per mantenere intatti i profumi e il gusto di questa variet\u00e0 unica.<\/span><\/p>\n<p><span style=\"font-weight: 400\">Il risultato \u00e8 una marmellata ricca e avvolgente, con un sapore sofisticato che si sposa perfettamente con pane fresco, fette biscottate o formaggi stagionati. \u00c8 ideale anche per arricchire torte, crostate e dolci da forno, donando un tocco originale e aromatico a ogni preparazione.<\/span><\/p>\n<p><span style=\"font-weight: 400\">Ogni cucchiaino di questa marmellata racconta la storia del chinotto di Savona, un frutto che da secoli \u00e8 simbolo di un territorio e di una tradizione gastronomica che non smette di affascinare. Con il suo sapore inconfondibile, la <strong>Marmellata di Chinotti di Savona<\/strong> \u00e8 perfetta per chi cerca un&#8217;esperienza gustativa autentica, in grado di trasportare chi la assapora nel cuore della Liguria.<\/span><\/p>\n","protected":false},"excerpt":{"rendered":"<p><span style=\"font-weight: 400\">Un&#8217;autentica delizia ligure, la <strong>Marmellata di Chinotti di Savona<\/strong> \u00e8 preparata con frutti selezionati della pregiata variet\u00e0 di chinotto, tipica della Riviera Ligure. Il suo sapore unico, dolce e leggermente amarognolo, cattura l&#8217;essenza di questo frutto raro, offrendo un&#8217;esperienza gustativa ricca e raffinata.\u00a0<\/span><\/p>\n","protected":false},"featured_media":3189,"template":"","meta":[],"product_brand":[],"product_cat":[612],"product_tag":[1657,2014,2016,2019,2001,2000,2017,2018,2015,1620],"class_list":{"0":"post-3188","1":"product","2":"type-product","3":"status-publish","4":"has-post-thumbnail","6":"product_cat-confetture-e-marmellate","7":"product_tag-artigianale","8":"product_tag-chinotto","9":"product_tag-chinottodisavona","10":"product_tag-confetture","11":"product_tag-ligure","12":"product_tag-liguria","13":"product_tag-marmellata","14":"product_tag-marmellatadichinotto","15":"product_tag-savona","16":"product_tag-tradizionale","18":"first","19":"instock","20":"taxable","21":"shipping-taxable","22":"purchasable","23":"product-type-simple"},"_links":{"self":[{"href":"https:\/\/btaly.it\/it\/wp-json\/wp\/v2\/product\/3188","targetHints":{"allow":["GET"]}}],"collection":[{"href":"https:\/\/btaly.it\/it\/wp-json\/wp\/v2\/product"}],"about":[{"href":"https:\/\/btaly.it\/it\/wp-json\/wp\/v2\/types\/product"}],"wp:featuredmedia":[{"embeddable":true,"href":"https:\/\/btaly.it\/it\/wp-json\/wp\/v2\/media\/3189"}],"wp:attachment":[{"href":"https:\/\/btaly.it\/it\/wp-json\/wp\/v2\/media?parent=3188"}],"wp:term":[{"taxonomy":"product_brand","embeddable":true,"href":"https:\/\/btaly.it\/it\/wp-json\/wp\/v2\/product_brand?post=3188"},{"taxonomy":"product_cat","embeddable":true,"href":"https:\/\/btaly.it\/it\/wp-json\/wp\/v2\/product_cat?post=3188"},{"taxonomy":"product_tag","embeddable":true,"href":"https:\/\/btaly.it\/it\/wp-json\/wp\/v2\/product_tag?post=3188"}],"curies":[{"name":"wp","href":"https:\/\/api.w.org\/{rel}","templated":true}]}}