{"id":3264,"date":"2025-07-16T09:51:12","date_gmt":"2025-07-16T08:51:12","guid":{"rendered":"https:\/\/btaly.it\/?post_type=product&#038;p=3264"},"modified":"2026-04-28T12:11:34","modified_gmt":"2026-04-28T11:11:34","slug":"ramassine-in-crema","status":"publish","type":"product","link":"https:\/\/btaly.it\/it\/ramassine-in-crema\/","title":{"rendered":"RAMASSINE IN CREMA"},"content":{"rendered":"<p data-start=\"196\" data-end=\"526\">La <strong data-start=\"199\" data-end=\"221\">Crema di Ramassine<\/strong> \u00e8 una deliziosa specialit\u00e0 artigianale realizzata con Ramassine, una variet\u00e0 antica di susine del Piemonte, conosciuta per il suo sapore unico e il profumo intenso. Ottenuta dalla lenta cottura dei frutti maturi, questa crema conserva tutto l\u2019aroma e la genuinit\u00e0 delle ramassine appena raccolte.<\/p>\n<p data-start=\"528\" data-end=\"859\">La consistenza \u00e8 morbida e vellutata, il colore \u00e8 un rosso scuro con riflessi violacei, e il gusto \u00e8 dolce ma equilibrato da una leggera acidit\u00e0 naturale.<\/p>\n","protected":false},"excerpt":{"rendered":"<p data-start=\"1009\" data-end=\"1166\"><strong>Crema<\/strong> artigianale di <strong>Ramassine<\/strong>, vellutata e profumata, dal gusto dolce e leggermente acidulo.<\/p>\n","protected":false},"featured_media":3265,"template":"","meta":[],"product_brand":[],"product_cat":[612],"product_tag":[1657,2162,2200,2201,2163,1861,2188,2189,1620],"class_list":{"0":"post-3264","1":"product","2":"type-product","3":"status-publish","4":"has-post-thumbnail","6":"product_cat-confetture-e-marmellate","7":"product_tag-artigianale","8":"product_tag-ceva","9":"product_tag-confettura","10":"product_tag-cremadiramassine","11":"product_tag-ormea","12":"product_tag-piemonte","13":"product_tag-ramassine","14":"product_tag-susine","15":"product_tag-tradizionale","17":"first","18":"instock","19":"sale","20":"taxable","21":"shipping-taxable","22":"purchasable","23":"product-type-simple"},"_links":{"self":[{"href":"https:\/\/btaly.it\/it\/wp-json\/wp\/v2\/product\/3264","targetHints":{"allow":["GET"]}}],"collection":[{"href":"https:\/\/btaly.it\/it\/wp-json\/wp\/v2\/product"}],"about":[{"href":"https:\/\/btaly.it\/it\/wp-json\/wp\/v2\/types\/product"}],"wp:featuredmedia":[{"embeddable":true,"href":"https:\/\/btaly.it\/it\/wp-json\/wp\/v2\/media\/3265"}],"wp:attachment":[{"href":"https:\/\/btaly.it\/it\/wp-json\/wp\/v2\/media?parent=3264"}],"wp:term":[{"taxonomy":"product_brand","embeddable":true,"href":"https:\/\/btaly.it\/it\/wp-json\/wp\/v2\/product_brand?post=3264"},{"taxonomy":"product_cat","embeddable":true,"href":"https:\/\/btaly.it\/it\/wp-json\/wp\/v2\/product_cat?post=3264"},{"taxonomy":"product_tag","embeddable":true,"href":"https:\/\/btaly.it\/it\/wp-json\/wp\/v2\/product_tag?post=3264"}],"curies":[{"name":"wp","href":"https:\/\/api.w.org\/{rel}","templated":true}]}}