{"id":919,"date":"2021-08-10T16:45:29","date_gmt":"2021-08-10T15:45:29","guid":{"rendered":"https:\/\/btaly.it\/?post_type=product&#038;p=919"},"modified":"2026-04-10T08:08:43","modified_gmt":"2026-04-10T07:08:43","slug":"salsa-di-pomodorini-e-basilico","status":"publish","type":"product","link":"https:\/\/btaly.it\/it\/salsa-di-pomodorini-e-basilico\/","title":{"rendered":"SALSA DI POMODORINI E BASILICO"},"content":{"rendered":"<p>Probabilmente non c\u2019\u00e8 nulla che faccia pi\u00f9 italiano della Salsa di pomodoro e basilico e se poi viene usata per condire un buon piatto di pasta \u00e8 Italia, ovunque nel mondo. gli spaghetti al sugo di pomodoro, a discapito della loro semplicit\u00e0, sono insieme alla pizza il piatto italiano pi\u00f9 noto e apprezzato all\u2019estero.<\/p>\n<p>Si tratta di una salsa di un bel colore rosso vivo e passionale, a base in questo caso di pomodorini datterini, variet\u00e0 di pomodoro largamente diffusa in Italia dal sapore dolce e delicato, genuini dell\u2019orto e coltivati come si faceva una volta, olio extravergine d\u2019oliva e\u00a0 per finire il basilico, erba aromatica dal gusto fresco, usatissima in molte ricette della cucina mediterranea.<\/p>\n<p>Il sapore di questa salsa \u00e8 quello della semplicit\u00e0, delle cose buone, delle cose fatte in casa, di quelle che si mangiano da sempre, fin da bambini.<\/p>\n","protected":false},"excerpt":{"rendered":"<p>Si tratta di una salsa di un bel colore rosso vivo e passionale, a base in questo caso di pomodorini datterini, variet\u00e0 di pomodoro largamente diffusa in Italia dal sapore dolce e delicato.<\/p>\n","protected":false},"featured_media":1902,"template":"","meta":[],"product_brand":[],"product_cat":[74],"product_tag":[],"class_list":{"0":"post-919","1":"product","2":"type-product","3":"status-publish","4":"has-post-thumbnail","6":"product_cat-sughi","8":"first","9":"outofstock","10":"taxable","11":"shipping-taxable","12":"purchasable","13":"product-type-simple"},"_links":{"self":[{"href":"https:\/\/btaly.it\/it\/wp-json\/wp\/v2\/product\/919","targetHints":{"allow":["GET"]}}],"collection":[{"href":"https:\/\/btaly.it\/it\/wp-json\/wp\/v2\/product"}],"about":[{"href":"https:\/\/btaly.it\/it\/wp-json\/wp\/v2\/types\/product"}],"wp:featuredmedia":[{"embeddable":true,"href":"https:\/\/btaly.it\/it\/wp-json\/wp\/v2\/media\/1902"}],"wp:attachment":[{"href":"https:\/\/btaly.it\/it\/wp-json\/wp\/v2\/media?parent=919"}],"wp:term":[{"taxonomy":"product_brand","embeddable":true,"href":"https:\/\/btaly.it\/it\/wp-json\/wp\/v2\/product_brand?post=919"},{"taxonomy":"product_cat","embeddable":true,"href":"https:\/\/btaly.it\/it\/wp-json\/wp\/v2\/product_cat?post=919"},{"taxonomy":"product_tag","embeddable":true,"href":"https:\/\/btaly.it\/it\/wp-json\/wp\/v2\/product_tag?post=919"}],"curies":[{"name":"wp","href":"https:\/\/api.w.org\/{rel}","templated":true}]}}